{"id":64,"date":"2016-03-24T15:30:08","date_gmt":"2016-03-24T15:30:08","guid":{"rendered":"http:\/\/cnl2016.bm-ferreiradecastro.com\/?page_id=64"},"modified":"2016-04-16T15:53:44","modified_gmt":"2016-04-16T15:53:44","slug":"locais","status":"publish","type":"page","link":"https:\/\/cnl2016.bm-ferreiradecastro.com\/?page_id=64","title":{"rendered":"Local"},"content":{"rendered":"<p>Localiza\u00e7\u00e3o do Pavilh\u00e3o Municipal Professor Ant\u00f3nio Costeira<br \/>\nCoordenadas GPS: 40.832768, -8.484576<br \/>\n<iframe loading=\"lazy\" style=\"border: 0;\" src=\"https:\/\/www.google.com\/maps\/embed?pb=!1m18!1m12!1m3!1d1766.853125518741!2d-8.485608341774943!3d40.832718024248514!2m3!1f0!2f0!3f0!3m2!1i1024!2i768!4f13.1!3m3!1m2!1s0x0%3A0x0!2zNDDCsDQ5JzU3LjgiTiA4wrAyOScwNC4yIlc!5e1!3m2!1spt-PT!2spt!4v1458836213391\" width=\"600\" height=\"450\" frameborder=\"0\" allowfullscreen=\"allowfullscreen\"><\/iframe><\/p>\n","protected":false},"excerpt":{"rendered":"<p>Localiza\u00e7\u00e3o do Pavilh\u00e3o Municipal Professor Ant\u00f3nio Costeira Coordenadas GPS: 40.832768, -8.484576<\/p>\n","protected":false},"author":1,"featured_media":0,"parent":0,"menu_order":0,"comment_status":"closed","ping_status":"closed","template":"","meta":{"spay_email":""},"jetpack_sharing_enabled":true,"jetpack_shortlink":"https:\/\/wp.me\/P7irfX-12","jetpack-related-posts":[],"_links":{"self":[{"href":"https:\/\/cnl2016.bm-ferreiradecastro.com\/index.php?rest_route=\/wp\/v2\/pages\/64"}],"collection":[{"href":"https:\/\/cnl2016.bm-ferreiradecastro.com\/index.php?rest_route=\/wp\/v2\/pages"}],"about":[{"href":"https:\/\/cnl2016.bm-ferreiradecastro.com\/index.php?rest_route=\/wp\/v2\/types\/page"}],"author":[{"embeddable":true,"href":"https:\/\/cnl2016.bm-ferreiradecastro.com\/index.php?rest_route=\/wp\/v2\/users\/1"}],"replies":[{"embeddable":true,"href":"https:\/\/cnl2016.bm-ferreiradecastro.com\/index.php?rest_route=%2Fwp%2Fv2%2Fcomments&post=64"}],"version-history":[{"count":4,"href":"https:\/\/cnl2016.bm-ferreiradecastro.com\/index.php?rest_route=\/wp\/v2\/pages\/64\/revisions"}],"predecessor-version":[{"id":81,"href":"https:\/\/cnl2016.bm-ferreiradecastro.com\/index.php?rest_route=\/wp\/v2\/pages\/64\/revisions\/81"}],"wp:attachment":[{"href":"https:\/\/cnl2016.bm-ferreiradecastro.com\/index.php?rest_route=%2Fwp%2Fv2%2Fmedia&parent=64"}],"curies":[{"name":"wp","href":"https:\/\/api.w.org\/{rel}","templated":true}]}}